{"id":21,"date":"2023-02-23T19:44:38","date_gmt":"2023-02-23T18:44:38","guid":{"rendered":"https:\/\/livsty.fr\/?page_id=21"},"modified":"2023-02-24T10:39:06","modified_gmt":"2023-02-24T09:39:06","slug":"faq","status":"publish","type":"page","link":"https:\/\/livsty.fr\/?page_id=21","title":{"rendered":"FAQ"},"content":{"rendered":"\t\t<div data-elementor-type=\"wp-page\" data-elementor-id=\"21\" class=\"elementor elementor-21\">\n\t\t\t\t\t\t<section class=\"elementor-section elementor-top-section elementor-element elementor-element-5ba1833 elementor-section-boxed elementor-section-height-default elementor-section-height-default wpr-particle-no wpr-jarallax-no wpr-parallax-no wpr-sticky-section-no\" data-id=\"5ba1833\" data-element_type=\"section\">\n\t\t\t\t\t\t<div class=\"elementor-container elementor-column-gap-default\">\n\t\t\t\t\t<div class=\"elementor-column elementor-col-100 elementor-top-column elementor-element elementor-element-83ce70b\" data-id=\"83ce70b\" data-element_type=\"column\">\n\t\t\t<div class=\"elementor-widget-wrap elementor-element-populated\">\n\t\t\t\t\t\t<div class=\"elementor-element elementor-element-aaca25d elementor-widget elementor-widget-heading\" data-id=\"aaca25d\" data-element_type=\"widget\" data-widget_type=\"heading.default\">\n\t\t\t\t<div class=\"elementor-widget-container\">\n\t\t\t<h2 class=\"elementor-heading-title elementor-size-default\"> Foire aux questions <\/h2>\t\t<\/div>\n\t\t\t\t<\/div>\n\t\t\t\t<div class=\"elementor-element elementor-element-96640d3 elementor-widget elementor-widget-text-editor\" data-id=\"96640d3\" data-element_type=\"widget\" data-widget_type=\"text-editor.default\">\n\t\t\t\t<div class=\"elementor-widget-container\">\n\t\t\t\t\t\t\t<h3 class=\"faq-section-title\">Notre mission<\/h3><div class=\"faq-subsection\"><p class=\"faq-subsection-content\">Livsty d\u00e9poussi\u00e8re le viager pour en faire le premier partenaire des S\u00e9niors \u00e0 la recherche de financement. L\u2019ambition est de transformer le viager en une solution d\u2019avenir, simple, ouverte \u00e0 tous et solidaire. Sa plateforme innovante permet aux particuliers d\u2019investir dans l\u2019immobilier viager en diversifiant leur risque. Livsty, c\u2019est renforcer le lien interg\u00e9n\u00e9rationnel et permettre \u00e0 chacun, \u00e0 son niveau, d\u2019aider des S\u00e9niors.<\/p><\/div><h3 class=\"faq-section-title\">Qu&rsquo;est-ce que Livsty ?<\/h3><div class=\"faq-subsection\"><p class=\"faq-subsection-content\">Livsty est une plateforme web permettant \u00e0 des particuliers d\u2019investir dans des biens immobiliers en viager sans rente. Sa particularit\u00e9 r\u00e9side dans la possibilit\u00e9 pour ces investisseurs de mutualiser leurs risques en prenant part \u00e0 de multiples projets \u00e0 hauteur de leurs moyens.<\/p><\/div>\t\t\t\t\t\t<\/div>\n\t\t\t\t<\/div>\n\t\t\t\t\t<\/div>\n\t\t<\/div>\n\t\t\t\t\t<\/div>\n\t\t<\/section>\n\t\t\t\t<section class=\"elementor-section elementor-top-section elementor-element elementor-element-aac9f90 elementor-section-boxed elementor-section-height-default elementor-section-height-default wpr-particle-no wpr-jarallax-no wpr-parallax-no wpr-sticky-section-no\" data-id=\"aac9f90\" data-element_type=\"section\">\n\t\t\t\t\t\t<div class=\"elementor-container elementor-column-gap-default\">\n\t\t\t\t\t<div class=\"elementor-column elementor-col-33 elementor-top-column elementor-element elementor-element-60d370e\" data-id=\"60d370e\" data-element_type=\"column\">\n\t\t\t<div class=\"elementor-widget-wrap\">\n\t\t\t\t\t\t\t<\/div>\n\t\t<\/div>\n\t\t\t\t<div class=\"elementor-column elementor-col-66 elementor-top-column elementor-element elementor-element-220b140\" data-id=\"220b140\" data-element_type=\"column\">\n\t\t\t<div class=\"elementor-widget-wrap\">\n\t\t\t\t\t\t\t<\/div>\n\t\t<\/div>\n\t\t\t\t\t<\/div>\n\t\t<\/section>\n\t\t\t\t<\/div>\n\t\t","protected":false},"excerpt":{"rendered":"<p>Foire aux questions Notre mission Livsty d\u00e9poussi\u00e8re le viager pour en faire le premier partenaire des S\u00e9niors \u00e0 la recherche de financement. L\u2019ambition est de transformer le viager en une solution d\u2019avenir, simple, ouverte \u00e0 tous et solidaire. Sa plateforme innovante permet aux particuliers d\u2019investir dans l\u2019immobilier viager en diversifiant leur risque. Livsty, c\u2019est renforcer le lien interg\u00e9n\u00e9rationnel et permettre \u00e0 chacun, \u00e0 son niveau, d\u2019aider des S\u00e9niors. Qu&rsquo;est-ce que Livsty ? Livsty est une plateforme web permettant \u00e0 des particuliers d\u2019investir dans des biens immobiliers en viager sans rente. Sa particularit\u00e9 r\u00e9side dans la possibilit\u00e9 pour ces investisseurs de mutualiser leurs risques en prenant part \u00e0 de multiples projets \u00e0 hauteur de leurs moyens.<\/p>\n","protected":false},"author":1,"featured_media":0,"parent":0,"menu_order":0,"comment_status":"closed","ping_status":"closed","template":"page-templates\/template-pagebuilder-full-width.php","meta":{"neve_meta_sidebar":"","neve_meta_container":"","neve_meta_enable_content_width":"","neve_meta_content_width":0,"neve_meta_title_alignment":"","neve_meta_author_avatar":"","neve_post_elements_order":"","neve_meta_disable_header":"","neve_meta_disable_footer":"","neve_meta_disable_title":"","_ti_tpc_template_sync":false,"_ti_tpc_template_id":"","footnotes":""},"class_list":["post-21","page","type-page","status-publish","hentry"],"_links":{"self":[{"href":"https:\/\/livsty.fr\/index.php?rest_route=\/wp\/v2\/pages\/21"}],"collection":[{"href":"https:\/\/livsty.fr\/index.php?rest_route=\/wp\/v2\/pages"}],"about":[{"href":"https:\/\/livsty.fr\/index.php?rest_route=\/wp\/v2\/types\/page"}],"author":[{"embeddable":true,"href":"https:\/\/livsty.fr\/index.php?rest_route=\/wp\/v2\/users\/1"}],"replies":[{"embeddable":true,"href":"https:\/\/livsty.fr\/index.php?rest_route=%2Fwp%2Fv2%2Fcomments&post=21"}],"version-history":[{"count":4,"href":"https:\/\/livsty.fr\/index.php?rest_route=\/wp\/v2\/pages\/21\/revisions"}],"predecessor-version":[{"id":99,"href":"https:\/\/livsty.fr\/index.php?rest_route=\/wp\/v2\/pages\/21\/revisions\/99"}],"wp:attachment":[{"href":"https:\/\/livsty.fr\/index.php?rest_route=%2Fwp%2Fv2%2Fmedia&parent=21"}],"curies":[{"name":"wp","href":"https:\/\/api.w.org\/{rel}","templated":true}]}}